{"id":9966,"date":"2025-03-25T12:40:35","date_gmt":"2025-03-25T11:40:35","guid":{"rendered":"https:\/\/spart.com.tn\/?post_type=product&#038;p=9966"},"modified":"2025-03-25T13:59:13","modified_gmt":"2025-03-25T12:59:13","slug":"sandale-plate-croisee-en-toile-effilochee","status":"publish","type":"product","link":"https:\/\/spart.com.tn\/index.php\/product\/sandale-plate-croisee-en-toile-effilochee\/","title":{"rendered":"Sandale plate crois\u00e9e en toile effiloch\u00e9e"},"content":{"rendered":"<p><span data-mce-type=\"bookmark\" style=\"display: inline-block; width: 0px; overflow: hidden; line-height: 0;\" class=\"mce_SELRES_start\"> \ufeff<\/span><\/p>\n","protected":false},"excerpt":{"rendered":"<p>-Sandale plate crois\u00e9e en toile effiloch\u00e9e 100% coton doubl\u00e9e en PU<br \/>\n-Semelle vulcanis\u00e9e en jute naturel avec une fine couche de caoutchouc<br \/>\n-Pointure disponible : de 35 \u2013 42<\/p>\n","protected":false},"featured_media":9986,"template":"","meta":{"inline_featured_image":false},"product_cat":[91,96,112],"product_tag":[],"class_list":{"0":"post-9966","1":"product","2":"type-product","3":"status-publish","4":"has-post-thumbnail","6":"product_cat-femme","7":"product_cat-mule","8":"product_cat-meilleurs-vente","10":"first","11":"instock","12":"shipping-taxable","13":"purchasable","14":"product-type-variable"},"_links":{"self":[{"href":"https:\/\/spart.com.tn\/index.php\/wp-json\/wp\/v2\/product\/9966","targetHints":{"allow":["GET"]}}],"collection":[{"href":"https:\/\/spart.com.tn\/index.php\/wp-json\/wp\/v2\/product"}],"about":[{"href":"https:\/\/spart.com.tn\/index.php\/wp-json\/wp\/v2\/types\/product"}],"wp:featuredmedia":[{"embeddable":true,"href":"https:\/\/spart.com.tn\/index.php\/wp-json\/wp\/v2\/media\/9986"}],"wp:attachment":[{"href":"https:\/\/spart.com.tn\/index.php\/wp-json\/wp\/v2\/media?parent=9966"}],"wp:term":[{"taxonomy":"product_cat","embeddable":true,"href":"https:\/\/spart.com.tn\/index.php\/wp-json\/wp\/v2\/product_cat?post=9966"},{"taxonomy":"product_tag","embeddable":true,"href":"https:\/\/spart.com.tn\/index.php\/wp-json\/wp\/v2\/product_tag?post=9966"}],"curies":[{"name":"wp","href":"https:\/\/api.w.org\/{rel}","templated":true}]}}