{"id":9519,"date":"2024-01-05T09:59:05","date_gmt":"2024-01-05T08:59:05","guid":{"rendered":"https:\/\/spart.com.tn\/?post_type=product&#038;p=9519"},"modified":"2025-03-26T09:55:22","modified_gmt":"2025-03-26T08:55:22","slug":"sandale-tidar","status":"publish","type":"product","link":"https:\/\/spart.com.tn\/index.php\/product\/sandale-tidar\/","title":{"rendered":"Sandale Tidar"},"content":{"rendered":"","protected":false},"excerpt":{"rendered":"<p>Sandale en forme crois\u00e9e avec finition effiloch\u00e9e en PU doubl\u00e9 en cuir<br \/>\nSemelle vulcanis\u00e9e en jute naturel avec une fine couche de caoutchouc<\/p>\n","protected":false},"featured_media":9526,"template":"","meta":{"inline_featured_image":false},"product_cat":[91,96,112],"product_tag":[],"class_list":{"0":"post-9519","1":"product","2":"type-product","3":"status-publish","4":"has-post-thumbnail","6":"product_cat-femme","7":"product_cat-mule","8":"product_cat-meilleurs-vente","10":"first","11":"instock","12":"shipping-taxable","13":"purchasable","14":"product-type-variable"},"_links":{"self":[{"href":"https:\/\/spart.com.tn\/index.php\/wp-json\/wp\/v2\/product\/9519","targetHints":{"allow":["GET"]}}],"collection":[{"href":"https:\/\/spart.com.tn\/index.php\/wp-json\/wp\/v2\/product"}],"about":[{"href":"https:\/\/spart.com.tn\/index.php\/wp-json\/wp\/v2\/types\/product"}],"wp:featuredmedia":[{"embeddable":true,"href":"https:\/\/spart.com.tn\/index.php\/wp-json\/wp\/v2\/media\/9526"}],"wp:attachment":[{"href":"https:\/\/spart.com.tn\/index.php\/wp-json\/wp\/v2\/media?parent=9519"}],"wp:term":[{"taxonomy":"product_cat","embeddable":true,"href":"https:\/\/spart.com.tn\/index.php\/wp-json\/wp\/v2\/product_cat?post=9519"},{"taxonomy":"product_tag","embeddable":true,"href":"https:\/\/spart.com.tn\/index.php\/wp-json\/wp\/v2\/product_tag?post=9519"}],"curies":[{"name":"wp","href":"https:\/\/api.w.org\/{rel}","templated":true}]}}