{"id":9429,"date":"2024-01-04T15:49:20","date_gmt":"2024-01-04T14:49:20","guid":{"rendered":"https:\/\/spart.com.tn\/?post_type=product&#038;p=9429"},"modified":"2025-03-26T09:55:22","modified_gmt":"2025-03-26T08:55:22","slug":"sandal-hannibal","status":"publish","type":"product","link":"https:\/\/spart.com.tn\/index.php\/product\/sandal-hannibal\/","title":{"rendered":"SANDAL HANNIBAL"},"content":{"rendered":"","protected":false},"excerpt":{"rendered":"<p>Sandale en forme crois\u00e9e en su\u00e8de doubl\u00e9e<br \/>\nSemelle vulcanis\u00e9e en jute naturel avec une fine couche de caoutchouc<\/p>\n","protected":false},"featured_media":9468,"template":"","meta":{"inline_featured_image":false},"product_cat":[92,98,112],"product_tag":[],"class_list":{"0":"post-9429","1":"product","2":"type-product","3":"status-publish","4":"has-post-thumbnail","6":"product_cat-homme","7":"product_cat-mules-homme","8":"product_cat-meilleurs-vente","10":"first","11":"instock","12":"shipping-taxable","13":"purchasable","14":"product-type-variable"},"_links":{"self":[{"href":"https:\/\/spart.com.tn\/index.php\/wp-json\/wp\/v2\/product\/9429","targetHints":{"allow":["GET"]}}],"collection":[{"href":"https:\/\/spart.com.tn\/index.php\/wp-json\/wp\/v2\/product"}],"about":[{"href":"https:\/\/spart.com.tn\/index.php\/wp-json\/wp\/v2\/types\/product"}],"wp:featuredmedia":[{"embeddable":true,"href":"https:\/\/spart.com.tn\/index.php\/wp-json\/wp\/v2\/media\/9468"}],"wp:attachment":[{"href":"https:\/\/spart.com.tn\/index.php\/wp-json\/wp\/v2\/media?parent=9429"}],"wp:term":[{"taxonomy":"product_cat","embeddable":true,"href":"https:\/\/spart.com.tn\/index.php\/wp-json\/wp\/v2\/product_cat?post=9429"},{"taxonomy":"product_tag","embeddable":true,"href":"https:\/\/spart.com.tn\/index.php\/wp-json\/wp\/v2\/product_tag?post=9429"}],"curies":[{"name":"wp","href":"https:\/\/api.w.org\/{rel}","templated":true}]}}