{"id":8116,"date":"2023-03-06T16:48:18","date_gmt":"2023-03-06T15:48:18","guid":{"rendered":"https:\/\/spart.com.tn\/betta\/?post_type=product&#038;p=8116"},"modified":"2025-02-28T11:01:11","modified_gmt":"2025-02-28T10:01:11","slug":"chaussures-femme","status":"publish","type":"product","link":"https:\/\/spart.com.tn\/index.php\/product\/chaussures-femme\/","title":{"rendered":"Espadrille double semelle en toile de coton"},"content":{"rendered":"<p><span data-mce-type=\"bookmark\" style=\"display: inline-block; width: 0px; overflow: hidden; line-height: 0;\" class=\"mce_SELRES_start\">\ufeff<\/span><\/p>\n","protected":false},"excerpt":{"rendered":"<p>L&rsquo;es espadrilles compens\u00e9s sont stables et \u00e9l\u00e9gantes, elles vous offrent un confort optimal et une touche de couleur bleue rafra\u00eechissante, parfaite pour un look estival frais .<\/p>\n","protected":false},"featured_media":9190,"template":"","meta":{"inline_featured_image":false},"product_cat":[91,108,112],"product_tag":[],"class_list":{"0":"post-8116","1":"product","2":"type-product","3":"status-publish","4":"has-post-thumbnail","6":"product_cat-femme","7":"product_cat-compensees","8":"product_cat-meilleurs-vente","10":"first","11":"instock","12":"shipping-taxable","13":"purchasable","14":"product-type-variable"},"_links":{"self":[{"href":"https:\/\/spart.com.tn\/index.php\/wp-json\/wp\/v2\/product\/8116","targetHints":{"allow":["GET"]}}],"collection":[{"href":"https:\/\/spart.com.tn\/index.php\/wp-json\/wp\/v2\/product"}],"about":[{"href":"https:\/\/spart.com.tn\/index.php\/wp-json\/wp\/v2\/types\/product"}],"wp:featuredmedia":[{"embeddable":true,"href":"https:\/\/spart.com.tn\/index.php\/wp-json\/wp\/v2\/media\/9190"}],"wp:attachment":[{"href":"https:\/\/spart.com.tn\/index.php\/wp-json\/wp\/v2\/media?parent=8116"}],"wp:term":[{"taxonomy":"product_cat","embeddable":true,"href":"https:\/\/spart.com.tn\/index.php\/wp-json\/wp\/v2\/product_cat?post=8116"},{"taxonomy":"product_tag","embeddable":true,"href":"https:\/\/spart.com.tn\/index.php\/wp-json\/wp\/v2\/product_tag?post=8116"}],"curies":[{"name":"wp","href":"https:\/\/api.w.org\/{rel}","templated":true}]}}