{"id":10233,"date":"2025-03-28T12:32:33","date_gmt":"2025-03-28T11:32:33","guid":{"rendered":"https:\/\/spart.com.tn\/?post_type=product&#038;p=10233"},"modified":"2025-04-03T15:41:20","modified_gmt":"2025-04-03T13:41:20","slug":"sandale-compensee-croisee-effilochee-en-toile-avec-fermeture-en-boucle","status":"publish","type":"product","link":"https:\/\/spart.com.tn\/index.php\/product\/sandale-compensee-croisee-effilochee-en-toile-avec-fermeture-en-boucle\/","title":{"rendered":"Sandale compens\u00e9e crois\u00e9e effiloch\u00e9e en toile avec fermeture en boucle"},"content":{"rendered":"","protected":false},"excerpt":{"rendered":"<ul>\n<li>Sandale compens\u00e9e en PU avec fermeture en boucle<\/li>\n<li>Semelle en PU couverte de tresse de jute<\/li>\n<li>Pointure disponible : de 36 \u2013 41<\/li>\n<\/ul>\n","protected":false},"featured_media":10240,"template":"","meta":{"inline_featured_image":false},"product_cat":[125,91,112],"product_tag":[],"class_list":{"0":"post-10233","1":"product","2":"type-product","3":"status-publish","4":"has-post-thumbnail","6":"product_cat-sandales","7":"product_cat-femme","8":"product_cat-meilleurs-vente","10":"first","11":"instock","12":"shipping-taxable","13":"purchasable","14":"product-type-variable"},"_links":{"self":[{"href":"https:\/\/spart.com.tn\/index.php\/wp-json\/wp\/v2\/product\/10233","targetHints":{"allow":["GET"]}}],"collection":[{"href":"https:\/\/spart.com.tn\/index.php\/wp-json\/wp\/v2\/product"}],"about":[{"href":"https:\/\/spart.com.tn\/index.php\/wp-json\/wp\/v2\/types\/product"}],"wp:featuredmedia":[{"embeddable":true,"href":"https:\/\/spart.com.tn\/index.php\/wp-json\/wp\/v2\/media\/10240"}],"wp:attachment":[{"href":"https:\/\/spart.com.tn\/index.php\/wp-json\/wp\/v2\/media?parent=10233"}],"wp:term":[{"taxonomy":"product_cat","embeddable":true,"href":"https:\/\/spart.com.tn\/index.php\/wp-json\/wp\/v2\/product_cat?post=10233"},{"taxonomy":"product_tag","embeddable":true,"href":"https:\/\/spart.com.tn\/index.php\/wp-json\/wp\/v2\/product_tag?post=10233"}],"curies":[{"name":"wp","href":"https:\/\/api.w.org\/{rel}","templated":true}]}}