{"id":3,"date":"2023-03-01T08:26:16","date_gmt":"2023-03-01T07:26:16","guid":{"rendered":"http:\/\/spart.com.tn\/betta\/?page_id=3"},"modified":"2023-03-14T11:39:03","modified_gmt":"2023-03-14T10:39:03","slug":"politique-de-confidentialite","status":"publish","type":"page","link":"https:\/\/spart.com.tn\/index.php\/politique-de-confidentialite\/","title":{"rendered":"Politique de confidentialit\u00e9"},"content":{"rendered":"\t\t<div data-elementor-type=\"wp-page\" data-elementor-id=\"3\" class=\"elementor elementor-3\">\n\t\t\t\t\t\t\t\t\t<section class=\"elementor-section elementor-top-section elementor-element elementor-element-21ae0e91 elementor-section-boxed elementor-section-height-default elementor-section-height-default\" data-id=\"21ae0e91\" data-element_type=\"section\">\n\t\t\t\t\t\t<div class=\"elementor-container elementor-column-gap-default\">\n\t\t\t\t\t<div class=\"elementor-column elementor-col-100 elementor-top-column elementor-element elementor-element-2f366925\" data-id=\"2f366925\" data-element_type=\"column\">\n\t\t\t<div class=\"elementor-widget-wrap elementor-element-populated\">\n\t\t\t\t\t\t\n\n\t\t<div class=\"elementor-element elementor-element-1f6805de elementor-widget elementor-widget-text-editor\" data-id=\"1f6805de\" data-element_type=\"widget\" data-widget_type=\"text-editor.default\">\n\t\t\t\t<div class=\"elementor-widget-container\">\n\t\t\t<style>\/*! elementor - v3.14.0 - 26-06-2023 *\/\n.elementor-widget-text-editor.elementor-drop-cap-view-stacked .elementor-drop-cap{background-color:#69727d;color:#fff}.elementor-widget-text-editor.elementor-drop-cap-view-framed .elementor-drop-cap{color:#69727d;border:3px solid;background-color:transparent}.elementor-widget-text-editor:not(.elementor-drop-cap-view-default) .elementor-drop-cap{margin-top:8px}.elementor-widget-text-editor:not(.elementor-drop-cap-view-default) .elementor-drop-cap-letter{width:1em;height:1em}.elementor-widget-text-editor .elementor-drop-cap{float:left;text-align:center;line-height:1;font-size:50px}.elementor-widget-text-editor .elementor-drop-cap-letter{display:inline-block}<\/style>\t\t\t\t<!-- wp:heading --><h2>Introduction<\/h2><!-- \/wp:heading --><!-- wp:paragraph --><p> Les conditions g\u00e9n\u00e9rales de vente d\u00e9taill\u00e9es ci-dessous d\u00e9finissent les diff\u00e9rents r\u00e8glements li\u00e9s \u00e0 l\u2019achat des produits sur le site https:\/\/spart.com.tn\/betta\/.\n\nLes clients effectuant un achat via ce site internet sont cens\u00e9s de lire et de donner leur accord \u00e0 ces conditions g\u00e9n\u00e9rales de vente. Cependant, si vous avez un doute quelconque concernant les dites conditions, n\u2019h\u00e9sitez pas \u00e0 prendre contact avec notre service client\u00e8le.\n\nSpart.com.tn peut \u00eatre amen\u00e9 \u00e0 modifier certains des dispositions de ses conditions g\u00e9n\u00e9rales. De ce fait, il est n\u00e9cessaire que celles-ci soient relues avant chaque achat sur le site.\n\nNous consid\u00e9rons qu\u2019en validant votre commande, vous acceptez sans r\u00e9serve nos conditions g\u00e9n\u00e9rales de vente.<\/p><!-- \/wp:paragraph --><!-- wp:heading --><h2>Informations produits<\/h2><p>Spart.com.tn apporte le plus grand soin \u00e0 la mise en ligne d\u2019informations relatives aux caract\u00e9ristiques essentielles des produits au moyen notamment de descriptifs techniques \u00e9manant de ses et fournisseurs et de photographies illustrant les produits et ce, dans la limite de la technique et dans le respect des meilleurs standards du march\u00e9.<\/p><h2>Prix<\/h2><p>Les prix des articles vendus sur www.Spart.com.tn sont indiqu\u00e9s en dinars tunisien toutes taxes comprises hors frais d\u2019exp\u00e9dition.<\/p>\n<p>Spart.com.tn se r\u00e9serve le droit de modifier ses prix \u00e0 tout moment et sans pr\u00e9avis. Les articles seront factur\u00e9s sur la base des tarifs en vigueur au moment de l\u2019enregistrement des commandes. Ils demeurent la propri\u00e9t\u00e9 de Spart.com.tn  jusqu\u2019au complet encaissement du prix de la commande par Spart.com.tn.<\/p><!-- \/wp:paragraph --><!-- wp:heading --><h2>Commande<\/h2>Le client peut commander via le site www.Spart.com.tn, 24h\/24 7j\/7 ou par t\u00e9l\u00e9phone au 98.139.351 du lundi au dimanche, de 9h30 \u00e0 17h.<\/p><!-- \/wp:paragraph --><!-- wp:paragraph --><p>www.Spart.com.tn se r\u00e9serve le droit d\u2019annuler ou de refuser toute commande d\u2019un client avec lequel il existerait un quelconque risque ou un probl\u00e8me li\u00e9 : <li>\u00c0 un d\u00e9faut de disponibilit\u00e9 des produit.<\/li>\n<li>Au non disponibilit\u00e9 du client.<\/li>\n<li>\u00c0 une panne technique ou une erreur typographique dans les prix<\/li><\/p><p>Toute commande vaut acceptation des prix et descriptions des produits disponibles \u00e0 la vente. Spart.com.tn s\u2019engage \u00e0 honorer les commandes re\u00e7ues sur le site internet uniquement dans la limite des stocks disponibles des produits. A d\u00e9faut de disponibilit\u00e9 d\u2019un ou plusieurs produit(s) command\u00e9(s), Spart.com.tn s\u2019engage \u00e0 en informer le client dans les plus brefs d\u00e9lais et \u00e0 lui proposer un article d\u2019une qualit\u00e9 et d\u2019un prix \u00e9quivalent \u00e0 celui indisponible.<\/p><!-- \/wp:paragraph --><!-- wp:heading --><h2>Protections des donn\u00e9es personnelles<\/h2><p>Les informations que vous nous communiquez \u00e9tant indispensables pour le traitement et l\u2019acheminement des commandes et l\u2019\u00e9tablissement des factures, leur absence entra\u00eenent l\u2019annulation de votre commande. En vous inscrivant sur le site, vous vous engagez \u00e0 nous fournir des informations sinc\u00e8res et v\u00e9ritables vous concernant. La communication de fausses informations est contraire aux pr\u00e9sentes conditions g\u00e9n\u00e9rales.<\/p><!-- \/wp:paragraph --><!-- wp:paragraph --><p>Les donn\u00e9es personnelles des clients sont destin\u00e9es uniquement \u00e0 l\u2019usage de Spart. Elles sont n\u00e9cessaires au traitement et \u00e0 la gestion des commandes du client ainsi qu\u2019aux relations commerciales entre Spart et le client. Elles nous permettent \u00e9galement de fournir au client des services personnalis\u00e9s et d\u2019am\u00e9liorer la pertinence des informations qui lui sont propos\u00e9es.<\/p>\n<p>Spart vous rassure, vos informations sont prot\u00e9g\u00e9es et utilis\u00e9es uniquement par notre service clients et nos collaborateurs participant au bon d\u00e9roulement de votre commande. En aucun cas, nous n\u2019utilisons vos donn\u00e9es pour des raisons autres que le service clients de Spart.<\/p><p>\nVous pouvez \u00e0 n\u2019importe quel moment faire une demande aupr\u00e8s du site afin de savoir quelles sont les informations dont celle-ci dispose sur vous. Vous pouvez \u00e0 tout moment et sur demande modifier ces donn\u00e9es. Si vous l\u2019avez accept\u00e9 lors de votre identification sur le site, des e-mails promotionnels (courriers \u00e9lectroniques) vous proposant des nouveaut\u00e9s, des offres de d\u00e9stockage, des exclusivit\u00e9s, des bonnes affaires etc, vous seront envoy\u00e9s. Vous pouvez demander \u00e0 ne plus recevoir de courriers \u00e9lectroniques de notre part \u00e0 tout moment en cliquant sur le lien pr\u00e9vu \u00e0 cet effet.\n<\/p><!-- \/wp:paragraph --><!-- wp:heading --><h2>Newsletters<\/h2>Si vous avez coch\u00e9 la case \u00ab Newsletter \u00bb, nous vous enverrons des newsletters (lettres d\u2019information)  par e-mail pour vous tenir inform\u00e9 des derni\u00e8res tendances, bons plans et pour vous faire d\u00e9couvrir les nouveaut\u00e9s produits.<\/p>\t\t\t\t\t\t<\/div>\n\t\t\t\t<\/div>\n\t\t\t\t\t<\/div>\n\t\t<\/div>\n\t\t\t\t\t\t\t<\/div>\n\t\t<\/section>\n\t\t\t\t\t\t\t<\/div>\n\t\t","protected":false},"excerpt":{"rendered":"<p>Introduction Les conditions g\u00e9n\u00e9rales de vente d\u00e9taill\u00e9es ci-dessous d\u00e9finissent les diff\u00e9rents r\u00e8glements li\u00e9s \u00e0 l\u2019achat des produits sur le site https:\/\/spart.com.tn\/betta\/. Les clients effectuant un achat via ce site internet sont cens\u00e9s de lire et de donner leur accord \u00e0 ces conditions g\u00e9n\u00e9rales de vente. Cependant, si vous avez un doute quelconque concernant les dites [&hellip;]<\/p>\n","protected":false},"author":1,"featured_media":0,"parent":0,"menu_order":0,"comment_status":"closed","ping_status":"open","template":"","meta":{"inline_featured_image":false,"footnotes":""},"class_list":["post-3","page","type-page","status-publish","hentry"],"_links":{"self":[{"href":"https:\/\/spart.com.tn\/index.php\/wp-json\/wp\/v2\/pages\/3","targetHints":{"allow":["GET"]}}],"collection":[{"href":"https:\/\/spart.com.tn\/index.php\/wp-json\/wp\/v2\/pages"}],"about":[{"href":"https:\/\/spart.com.tn\/index.php\/wp-json\/wp\/v2\/types\/page"}],"author":[{"embeddable":true,"href":"https:\/\/spart.com.tn\/index.php\/wp-json\/wp\/v2\/users\/1"}],"replies":[{"embeddable":true,"href":"https:\/\/spart.com.tn\/index.php\/wp-json\/wp\/v2\/comments?post=3"}],"version-history":[{"count":3,"href":"https:\/\/spart.com.tn\/index.php\/wp-json\/wp\/v2\/pages\/3\/revisions"}],"predecessor-version":[{"id":8654,"href":"https:\/\/spart.com.tn\/index.php\/wp-json\/wp\/v2\/pages\/3\/revisions\/8654"}],"wp:attachment":[{"href":"https:\/\/spart.com.tn\/index.php\/wp-json\/wp\/v2\/media?parent=3"}],"curies":[{"name":"wp","href":"https:\/\/api.w.org\/{rel}","templated":true}]}}